{"id":35,"date":"2020-05-19T15:47:29","date_gmt":"2020-05-19T13:47:29","guid":{"rendered":"http:\/\/sklep.walkaomacierzynstwo.pl\/?page_id=35"},"modified":"2020-05-21T13:32:18","modified_gmt":"2020-05-21T11:32:18","slug":"formy-platnosci","status":"publish","type":"page","link":"https:\/\/sklep.walkaomacierzynstwo.pl\/?page_id=35","title":{"rendered":"Formy p\u0142atno\u015bci"},"content":{"rendered":"\n<h4><strong>Przelew na konto bankowe<\/strong><\/h4>\n\n\n\n<p>Forma p\u0142atno\u015bci dla \nKlient\u00f3w preferuj\u0105cych samodzielne logowanie do banku internetowego, \nwizyt\u0119 w plac\u00f3wce banku lub na poczcie. Po zarezerwowaniu zam\u00f3wionego \ntowaru, klient otrzymuje mailem numer rachunku bankowego, na kt\u00f3ry \nnale\u017cy przela\u0107 w\u0142a\u015bciw\u0105 kwot\u0119. Z chwil\u0105 zaksi\u0119gowania wp\u0142aty na rachunku\n bankowym zam\u00f3wienie jest przekazywane do magazynu w celu przygotowania \nwysy\u0142ki.<\/p>\n\n\n\n<h4><strong>Przelewem online&nbsp;<\/strong><\/h4>\n\n\n\n<p>P\u0142atno\u015b\u0107 online obs\u0142ugiwana przez PayU. <\/p>\n\n\n\n<figure class=\"wp-block-image size-large is-resized\"><img loading=\"lazy\" src=\"http:\/\/sklep.walkaomacierzynstwo.pl\/wp-content\/uploads\/2020\/05\/PAYU_LOGO_LIME-1024x541.png\" alt=\"\" class=\"wp-image-58\" width=\"369\" height=\"195\" srcset=\"https:\/\/sklep.walkaomacierzynstwo.pl\/wp-content\/uploads\/2020\/05\/PAYU_LOGO_LIME-1024x541.png 1024w, https:\/\/sklep.walkaomacierzynstwo.pl\/wp-content\/uploads\/2020\/05\/PAYU_LOGO_LIME-300x159.png 300w, https:\/\/sklep.walkaomacierzynstwo.pl\/wp-content\/uploads\/2020\/05\/PAYU_LOGO_LIME-768x406.png 768w, https:\/\/sklep.walkaomacierzynstwo.pl\/wp-content\/uploads\/2020\/05\/PAYU_LOGO_LIME-1536x812.png 1536w, https:\/\/sklep.walkaomacierzynstwo.pl\/wp-content\/uploads\/2020\/05\/PAYU_LOGO_LIME-416x220.png 416w, https:\/\/sklep.walkaomacierzynstwo.pl\/wp-content\/uploads\/2020\/05\/PAYU_LOGO_LIME.png 1792w\" sizes=\"(max-width: 369px) 100vw, 369px\" \/><\/figure>\n","protected":false},"excerpt":{"rendered":"<p>Przelew na konto bankowe Forma p\u0142atno\u015bci dla Klient\u00f3w preferuj\u0105cych samodzielne logowanie do banku internetowego, wizyt\u0119 w plac\u00f3wce banku lub na poczcie. Po zarezerwowaniu zam\u00f3wionego towaru, klient otrzymuje mailem numer rachunku bankowego, na kt\u00f3ry nale\u017cy przela\u0107 w\u0142a\u015bciw\u0105 kwot\u0119. Z chwil\u0105 zaksi\u0119gowania wp\u0142aty na rachunku bankowym zam\u00f3wienie jest przekazywane do magazynu w celu przygotowania wysy\u0142ki. Przelewem online&nbsp; [&hellip;]<\/p>\n","protected":false},"author":4,"featured_media":0,"parent":0,"menu_order":0,"comment_status":"closed","ping_status":"closed","template":"","meta":{"spay_email":""},"_links":{"self":[{"href":"https:\/\/sklep.walkaomacierzynstwo.pl\/index.php?rest_route=\/wp\/v2\/pages\/35"}],"collection":[{"href":"https:\/\/sklep.walkaomacierzynstwo.pl\/index.php?rest_route=\/wp\/v2\/pages"}],"about":[{"href":"https:\/\/sklep.walkaomacierzynstwo.pl\/index.php?rest_route=\/wp\/v2\/types\/page"}],"author":[{"embeddable":true,"href":"https:\/\/sklep.walkaomacierzynstwo.pl\/index.php?rest_route=\/wp\/v2\/users\/4"}],"replies":[{"embeddable":true,"href":"https:\/\/sklep.walkaomacierzynstwo.pl\/index.php?rest_route=%2Fwp%2Fv2%2Fcomments&post=35"}],"version-history":[{"count":4,"href":"https:\/\/sklep.walkaomacierzynstwo.pl\/index.php?rest_route=\/wp\/v2\/pages\/35\/revisions"}],"predecessor-version":[{"id":60,"href":"https:\/\/sklep.walkaomacierzynstwo.pl\/index.php?rest_route=\/wp\/v2\/pages\/35\/revisions\/60"}],"wp:attachment":[{"href":"https:\/\/sklep.walkaomacierzynstwo.pl\/index.php?rest_route=%2Fwp%2Fv2%2Fmedia&parent=35"}],"curies":[{"name":"wp","href":"https:\/\/api.w.org\/{rel}","templated":true}]}}