{"id":33,"date":"2020-05-19T15:47:17","date_gmt":"2020-05-19T13:47:17","guid":{"rendered":"http:\/\/sklep.walkaomacierzynstwo.pl\/?page_id=33"},"modified":"2020-05-21T13:41:45","modified_gmt":"2020-05-21T11:41:45","slug":"zwroty-i-reklamacje","status":"publish","type":"page","link":"https:\/\/sklep.walkaomacierzynstwo.pl\/?page_id=33","title":{"rendered":"Zwroty i reklamacje"},"content":{"rendered":"\n<h4><strong>1. Spakuj produkty oraz uzupe\u0142nij formularz<\/strong><\/h4>\n\n\n\n<p>Uzupe\u0142niony  formularz zwrotu z przypi\u0119tym dowodem zakupu (paragon lub faktura)  do\u0142\u0105cz do paczki ze zwracanymi produktami. Sprawd\u017a dok\u0142adnie, czy  wszystkie dane s\u0105 poprawne. Link: <a href=\"http:\/\/sklep.walkaomacierzynstwo.pl\/wp-content\/uploads\/2020\/05\/returnform.pdf\">Formularz zwrotu towaru.<\/a><\/p>\n\n\n\n<h4>2<strong>. Wy\u015blij produkty &#8211; masz na to a\u017c 30 dni!<\/strong><\/h4>\n\n\n\n<p>Wy\u015blij do nas przesy\u0142k\u0119 ze zwracanymi produktami na adres:  <strong>Sting Communication Sp. z o.o.<\/strong><br> ul. Che\u0142mska 21 bud. 3 lok. 19 i lok. 20<br> 00-724 Warszawa <\/p>\n\n\n\n<p>Czas  rozpatrzenia zwrotu to maksymalnie 7 dni roboczych od daty wp\u0142yni\u0119cia  przesy\u0142ki. Staramy si\u0119 jednak w miar\u0119 mo\u017cliwo\u015bci rozpatrywa\u0107 zwrot  szybciej<\/p>\n\n\n\n<h4><strong>3. Poczekaj na zwrot \u015brodk\u00f3w<\/strong><\/h4>\n\n\n\n<p>Zwrot \u015brodk\u00f3w nast\u0105pi w ci\u0105gu 14\n dni od daty pozytywnego rozpatrzenia zwrotu. W przypadku metody \np\u0142atno\u015bci : PayU, przelew tradycyjny oraz PayPal &#8211; na numer konta, z \nkt\u00f3rego dokonano p\u0142atno\u015bci za zam\u00f3wienie. W przypadku p\u0142atno\u015bci \nprzelewem tradycyjnym lub przy odbiorze &#8211; na numer konta wskazany w \nformularzu.<\/p>\n","protected":false},"excerpt":{"rendered":"<p>1. Spakuj produkty oraz uzupe\u0142nij formularz Uzupe\u0142niony formularz zwrotu z przypi\u0119tym dowodem zakupu (paragon lub faktura) do\u0142\u0105cz do paczki ze zwracanymi produktami. Sprawd\u017a dok\u0142adnie, czy wszystkie dane s\u0105 poprawne. Link: Formularz zwrotu towaru. 2. Wy\u015blij produkty &#8211; masz na to a\u017c 30 dni! Wy\u015blij do nas przesy\u0142k\u0119 ze zwracanymi produktami na adres: Sting Communication Sp. [&hellip;]<\/p>\n","protected":false},"author":4,"featured_media":0,"parent":0,"menu_order":0,"comment_status":"closed","ping_status":"closed","template":"","meta":{"spay_email":""},"_links":{"self":[{"href":"https:\/\/sklep.walkaomacierzynstwo.pl\/index.php?rest_route=\/wp\/v2\/pages\/33"}],"collection":[{"href":"https:\/\/sklep.walkaomacierzynstwo.pl\/index.php?rest_route=\/wp\/v2\/pages"}],"about":[{"href":"https:\/\/sklep.walkaomacierzynstwo.pl\/index.php?rest_route=\/wp\/v2\/types\/page"}],"author":[{"embeddable":true,"href":"https:\/\/sklep.walkaomacierzynstwo.pl\/index.php?rest_route=\/wp\/v2\/users\/4"}],"replies":[{"embeddable":true,"href":"https:\/\/sklep.walkaomacierzynstwo.pl\/index.php?rest_route=%2Fwp%2Fv2%2Fcomments&post=33"}],"version-history":[{"count":3,"href":"https:\/\/sklep.walkaomacierzynstwo.pl\/index.php?rest_route=\/wp\/v2\/pages\/33\/revisions"}],"predecessor-version":[{"id":64,"href":"https:\/\/sklep.walkaomacierzynstwo.pl\/index.php?rest_route=\/wp\/v2\/pages\/33\/revisions\/64"}],"wp:attachment":[{"href":"https:\/\/sklep.walkaomacierzynstwo.pl\/index.php?rest_route=%2Fwp%2Fv2%2Fmedia&parent=33"}],"curies":[{"name":"wp","href":"https:\/\/api.w.org\/{rel}","templated":true}]}}