{"id":29,"date":"2020-05-19T15:46:20","date_gmt":"2020-05-19T13:46:20","guid":{"rendered":"http:\/\/sklep.walkaomacierzynstwo.pl\/?page_id=29"},"modified":"2020-05-24T20:35:59","modified_gmt":"2020-05-24T18:35:59","slug":"regulamin","status":"publish","type":"page","link":"https:\/\/sklep.walkaomacierzynstwo.pl\/?page_id=29","title":{"rendered":"Regulamin"},"content":{"rendered":"\n<p><strong>Regulamin sklepu internetowego walkaomacierzynstwo.pl<\/strong><\/p>\n\n\n\n<p>Poni\u017cej pragniemy przedstawi\u0107 Pa\u0144stwu nasz regulamin, kt\u00f3ry okre\u015bla \nzasady zawarcia i wykonania umowy sprzeda\u017cy Towar\u00f3w znajduj\u0105cych si\u0119 w \nSklepie oraz zasady korzystania ze Sklepu.<\/p>\n\n\n\n<ul><li>1<\/li><\/ul>\n\n\n\n<p>Postanowienia og\u00f3lne<\/p>\n\n\n\n<p>1.1. Na stronie <em>www.sklep.walkaomacierzynstwo.pl<\/em> oferujemy Pa\u0144stwu nabycie  towar\u00f3w firmy <strong>Sting Communication Sp. z o.o.<\/strong>  z siedzib\u0105 w Warszawie, przy ul. Che\u0142mska 21,  NIP 521-33-00-208  (dalej: Sprzedawca).<\/p>\n\n\n\n<p>1.2. Na  <em>www.sklep.walkaomacierzynstwo.pl<\/em>  umowy zawierane s\u0105 wy\u0142\u0105cznie w j\u0119zyku polskim.<\/p>\n\n\n\n<p>1.3. Zam\u00f3wienia realizujemy na terenie Polski. W przypadku zam\u00f3wie\u0144 \nzagranicznych prosimy Pa\u0144stwa o wcze\u015bniejszy kontakt celem ustalenia \nkoszt\u00f3w przesy\u0142ki oraz czasu realizacji zam\u00f3wienia.<\/p>\n\n\n\n<ul><li>2<\/li><\/ul>\n\n\n\n<p>Z\u0142o\u017cenie zam\u00f3wienia oraz zawarcie umowy<\/p>\n\n\n\n<p>2.1. Przedmiotem sprzeda\u017cy s\u0105 Towary prezentowane przez Sklep w chwili sk\u0142adania Zam\u00f3wienia.<\/p>\n\n\n\n<p>2.2. Wszystkie towary prezentowane w Sklepie s\u0105 nowe i wolne od wad.<\/p>\n\n\n\n<p>2.3. Obowi\u0105zuj\u0105 ceny oferowane w chwili z\u0142o\u017cenia zam\u00f3wienia. \nPrezentowane ceny s\u0105 cenami ko\u0144cowymi, podawane s\u0105 w polskich z\u0142otych i \nzawieraj\u0105 podatek VAT. Ceny nie obejmuj\u0105 koszt\u00f3w dostawy. A\u017c do chwili \npe\u0142nej zap\u0142aty ceny sprzeda\u017cy towar pozostaje nasz\u0105 w\u0142asno\u015bci\u0105.<\/p>\n\n\n\n<p>2.4. Sprzedawca ma prawo do zmiany ceny Towar\u00f3w, wprowadzania oraz \nwycofania Towar\u00f3w, udzielania rabat\u00f3w na poszczeg\u00f3lne Towary oraz \nprzeprowadzania i odwo\u0142ywania promocji. Nie ogranicza to jednak w \u017caden \nspos\u00f3b praw nabytych przez Klient\u00f3w; tj. zmiany nie dotycz\u0105 Zam\u00f3wie\u0144, \nkt\u00f3re zosta\u0142y z\u0142o\u017cone.<\/p>\n\n\n\n<p>2.5. Zam\u00f3wienia mo\u017cna sk\u0142ada\u0107 poprzez interaktywny formularz dost\u0119pny na stronie internetowej Sklepu.<\/p>\n\n\n\n<p>2.6. Do zawarcia umowy sprzeda\u017cy oraz korzystania ze Sklepu niezb\u0119dne\n jest posiadanie urz\u0105dze\u0144 pozwalaj\u0105cych na dost\u0119p do Internetu, poczty \ne-mail oraz przegl\u0105darki zasob\u00f3w internetowych umo\u017cliwiaj\u0105cej \nwy\u015bwietlanie stron internetowych.<\/p>\n\n\n\n<p>2.7. Z\u0142o\u017cenie wi\u0105\u017c\u0105cego zam\u00f3wienia na produkty znajduj\u0105ce si\u0119 w \nkoszyku nast\u0119puje w chwili klikni\u0119cia przycisku \u201epotwierd\u017a zam\u00f3wienie\u201d. \nZ\u0142o\u017cenie Zam\u00f3wienia stanowi z\u0142o\u017cenie przez Klienta w stosunku do \nSprzedawcy oferty zawarcia umowy sprzeda\u017cy Towaru, b\u0119d\u0105cego przedmiotem \nZam\u00f3wienia. Z\u0142o\u017cenie zam\u00f3wienia potwierdzamy drog\u0105 mailow\u0105 bezpo\u015brednio \npo wys\u0142aniu przez Pa\u0144stwa zam\u00f3wienia. Zawarcie wi\u0105\u017c\u0105cej umowy nast\u0119puje \nwraz z otrzymaniem przez Pa\u0144stwa potwierdzenia zam\u00f3wienia.<\/p>\n\n\n\n<ul><li>3<\/li><\/ul>\n\n\n\n<p>P\u0142atno\u015bci<\/p>\n\n\n\n<p>3.1. Oferujemy nast\u0119puj\u0105ce rodzaje p\u0142atno\u015bci:<\/p>\n\n\n\n<ol><li>szybkim przelewem internetowym za po\u015brednictwem system\u00f3w elektronicznych p\u0142atno\u015bci ,<\/li><\/ol>\n\n\n\n<p>Prosimy pami\u0119ta\u0107, \u017ce akceptujemy jedynie p\u0142atno\u015bci dokonywane z kont \nbankowych prowadzonych w&nbsp;granicach Unii Europejskiej (UE). Wszelkie \nkoszty transakcji finansowych ponosz\u0105 Pa\u0144stwo.<\/p>\n\n\n\n<p>3.2. Klient dokonuj\u0105cy zap\u0142aty przelewem, za po\u015brednictwem system\u00f3w  elektronicznych p\u0142atno\u015bci powinien zap\u0142aci\u0107 za Towar wraz kosztami  dostawy w terminie 5 dni roboczych od chwili zawarcia umowy sprzeda\u017cy. Po tym terminie oferta  Sprzedawcy nie jest wi\u0105\u017c\u0105ca. Istnieje mo\u017cliwo\u015b\u0107 przed\u0142u\u017cenia terminu  zap\u0142aty poprzez uzgodnienie ze Sprzedawc\u0105.<\/p>\n\n\n\n<p>3.3 W przypadku wyst\u0105pienia konieczno\u015b\u0107 zwrotu \u015brodk\u00f3w za transakcj\u0119  dokonan\u0105 przez klienta kart\u0105 p\u0142atnicz\u0105, sprzedaj\u0105cy dokona zwrotu na  rachunek bankowy przypisany do karty p\u0142atniczej Zamawiaj\u0105cego.<\/p>\n\n\n\n<ul><li>4<\/li><\/ul>\n\n\n\n<p>Dostawa towaru<\/p>\n\n\n\n<p>4.1. Zam\u00f3wiony towar Sprzedawca wysy\u0142a za po\u015brednictwem firm wysy\u0142kowych (firma kurierska).<\/p>\n\n\n\n<p>4.2. Zam\u00f3wione przez Pa\u0144stwa towary wys\u0142ane zostan\u0105 po op\u0142aceniu  przez Pa\u0144stwa ich pe\u0142nej ceny oraz koszt\u00f3w dostawy niezw\u0142ocznie, do 2 dni roboczych od chwili  pozytywnej autoryzacji transakcji.<\/p>\n\n\n\n<p>4.3 W przypadku wyboru przez klienta sposobu p\u0142atno\u015bci przelewem lub \nkart\u0105 p\u0142atnicz\u0105, czas realizacji zam\u00f3wienia liczony jest od dnia uznania\n rachunku bankowego lub konta rozliczeniowego Sprzedawcy.<\/p>\n\n\n\n<p>4.4. W przypadku ewentualnego przed\u0142u\u017cenia si\u0119 terminu dostawy Klient jest o tym niezw\u0142ocznie informowany.<\/p>\n\n\n\n<p>4.5. Informacje o kosztach dostawy s\u0105 uwidaczniane w procedurze \nsk\u0142adania Zam\u00f3wienia (w&nbsp;interaktywnym formularzu), w e-mailu \npotwierdzaj\u0105cym z\u0142o\u017cenia Zam\u00f3wienia przez Klienta oraz na stronie \ninternetowej w zak\u0142adce \u201eKoszty dostawy\u201d [LINK]. Koszty dostawy \ndoliczane s\u0105 do ceny Towaru i ponoszone s\u0105 przez Klienta.<\/p>\n\n\n\n<p>4.6. Dostawa towaru nast\u0119puje na adres wskazany w trakcie procedury sk\u0142adania zam\u00f3wienia.<\/p>\n\n\n\n<p>4.7. Przed odebraniem przesy\u0142ki nale\u017cy sprawdzi\u0107, czy nie uleg\u0142a ona  uszkodzeniu w transporcie. Je\u017celi paczka posiada widoczne uszkodzenia  zewn\u0119trzne, zalecamy odm\u00f3wienia przyj\u0119cia przesy\u0142ki oraz sporz\u0105dzenie  protoko\u0142u szkody, a nast\u0119pnie skontaktowanie si\u0119 z nami pod numerem  telefonu: +48\u00a0 502 494 521 . Brak sporz\u0105dzenia protoko\u0142u szkody nie jest  r\u00f3wnoznaczny z wyga\u015bni\u0119ciem prawa Konsumenta do z\u0142o\u017cenia reklamacji w  zakresie uszkodze\u0144 powsta\u0142ych w trakcie dostawy; protok\u00f3\u0142 jest jednak  pomocny w procedurze reklamacji. Brak protoko\u0142u uszkodzenia przesy\u0142ki  mo\u017ce utrudni\u0107 Konsumentowi dochodzenie ewentualnych roszcze\u0144 od  Sprzedawcy oraz ustalenie osoby odpowiedzialnej za uszkodzenie  przesy\u0142ki. Reklamacje w zakresie uszkodze\u0144 powsta\u0142ych w trakcie dostawy  z\u0142o\u017cone przez Klient\u00f3w nieb\u0119d\u0105cych Konsumentami, bez za\u0142\u0105czonego  protoko\u0142u szkody, nie b\u0119d\u0105 rozpatrywane.<\/p>\n\n\n\n<p>4.8. Istnieje mo\u017cliwo\u015b\u0107 otwarcia paczki w obecno\u015bci kuriera \u2013 w  przypadku stwierdzenia niezgodno\u015bci, sporz\u0105dzany jest protok\u00f3\u0142  rozbie\u017cno\u015bci, kt\u00f3ry stanowi podstaw\u0119 p\u00f3\u017aniejszej reklamacji.<\/p>\n\n\n\n<ul><li>5<\/li><\/ul>\n\n\n\n<p>Zwrot towaru &#8211; ustawowe prawo do odst\u0105pienia od umowy zakupu<\/p>\n\n\n\n<p>5.1. Maj\u0105 Pa\u0144stwo prawo jako osoba fizyczna (Kosument) odst\u0105pi\u0107 od \nniniejszej umowy w terminie 14 dni bez podania jakiejkolwiek przyczyny.<\/p>\n\n\n\n<p>5.2. Zwracany produkt nie mo\u017ce jednak nosi\u0107 \u015blad\u00f3w u\u017cywania \u2013 ka\u017cdy \nelement musi by\u0107 kompletny oraz fabrycznie zapakowany, a towar musi \nzosta\u0107 dostarczony w stanie niezmienionym, w oryginalnym opakowaniu. W \nprzypadku niespe\u0142nienia powy\u017cszych wymog\u00f3w, towar nie zostanie przyj\u0119ty.<\/p>\n\n\n\n<p>5.3. Termin do odst\u0105pienia od umowy wygasa po up\u0142ywie 14 dni od dnia,\n w kt\u00f3rym weszli Pa\u0144stwo w&nbsp;posiadanie rzeczy lub w kt\u00f3rym osoba trzecia \ninna ni\u017c przewo\u017anik i wskazana przez Pa\u0144stwa wesz\u0142a w posiadanie rzeczy.<\/p>\n\n\n\n<p>5.4. Aby skorzysta\u0107 z prawa odst\u0105pienia od umowy, musz\u0105 Pa\u0144stwo poinformowa\u0107 nas tj.:<\/p>\n\n\n\n<p><strong>Sting Communication Sp. z o.o.<\/strong><br> ul. Che\u0142mska 21<br> 00-724 Warszawa <\/p>\n\n\n\n<p>tel. +48&nbsp; 605&nbsp;911&nbsp;005 <\/p>\n\n\n\n<p>adres e-mail: <a rel=\"noreferrer noopener\" target=\"_blank\" href=\"'+String.fromCharCode(98,105,117,114,111,64,115,116,105,110,103,46,112,108)+'?'\"><a>businesscooperation@gmail.com<\/a><\/a><\/p>\n\n\n\n<p>o swojej decyzji o odst\u0105pieniu od niniejszej umowy w drodze \njednoznacznego o\u015bwiadczenia przes\u0142anego do nas listownie lub drog\u0105 \nelektroniczn\u0105.<\/p>\n\n\n\n<p>Je\u017celi skorzystaj\u0105 Pa\u0144stwo z tej mo\u017cliwo\u015bci, prze\u015blemy Pa\u0144stwu \nniezw\u0142ocznie potwierdzenie otrzymania informacji o odst\u0105pieniu od umowy \npoczt\u0105 elektroniczn\u0105.<\/p>\n\n\n\n<p>5.5. Aby zachowa\u0107 termin do odst\u0105pienia od umowy, wystarczy, aby \nwys\u0142ali Pa\u0144stwo informacj\u0119 dotycz\u0105c\u0105 wykonania przys\u0142uguj\u0105cego Pa\u0144stwu \nprawa odst\u0105pienia od umowy przed up\u0142ywem terminu do odst\u0105pienia od \numowy.<\/p>\n\n\n\n<p>5.6. W przypadku odst\u0105pienia od niniejszej umowy zwracamy Pa\u0144stwu \nwszystkie otrzymane od Pa\u0144stwa p\u0142atno\u015bci, w tym koszty dostarczenia \nrzeczy (z wyj\u0105tkiem dodatkowych koszt\u00f3w wynikaj\u0105cych z wybranego przez \nPa\u0144stwa sposobu dostarczenia innego ni\u017c najta\u0144szy zwyk\u0142y spos\u00f3b \ndostarczenia oferowany przez nas), niezw\u0142ocznie, a w ka\u017cdym przypadku \nnie p\u00f3\u017aniej ni\u017c 14 dni od dnia, w kt\u00f3rym zostali\u015bmy poinformowani o \nPa\u0144stwa decyzji o wykonaniu prawa odst\u0105pienia od niniejszej umowy.<\/p>\n\n\n\n<p>5.7. Zwrotu p\u0142atno\u015bci dokonamy przy u\u017cyciu takich samych sposob\u00f3w \np\u0142atno\u015bci, jakie zosta\u0142y przez Pa\u0144stwa u\u017cyte w pierwotnej transakcji, \nchyba \u017ce wyra\u017anie zgodzili\u015bcie si\u0119 Pa\u0144stwo na inne rozwi\u0105zanie; w ka\u017cdym\n przypadku nie ponios\u0105 Pa\u0144stwo \u017cadnych op\u0142at w zwi\u0105zku z tym zwrotem. \nMo\u017cemy wstrzyma\u0107 si\u0119 ze zwrotem p\u0142atno\u015bci do czasu otrzymania rzeczy lub\n do czasu dostarczenia nam dowodu jej odes\u0142ania, w zale\u017cno\u015bci od tego, \nkt\u00f3re zdarzenie nast\u0105pi wcze\u015bniej.<\/p>\n\n\n\n<p>5.8. Prosz\u0119 odes\u0142a\u0107 lub przekaza\u0107 nam rzecz na adres:  <\/p>\n\n\n\n<p><strong>Sting Communication Sp. z o.o.<\/strong><br> ul. Che\u0142mska 21<br> 00-724 Warszawa <\/p>\n\n\n\n<p>niezw\u0142ocznie, a w ka\u017cdym razie nie p\u00f3\u017aniej ni\u017c 14 dni od dnia, w \nkt\u00f3rym poinformowali nas Pa\u0144stwo o&nbsp;odst\u0105pieniu od niniejszej umowy. \nTermin jest zachowany, je\u017celi ode\u015bl\u0105 Pa\u0144stwo rzecz przed up\u0142ywem terminu\n 14 dni.<\/p>\n\n\n\n<p>5.9. B\u0119d\u0105 Pa\u0144stwo musieli ponie\u015b\u0107 bezpo\u015brednie koszty zwrotu rzeczy.<\/p>\n\n\n\n<p>5.10. Odpowiadaj\u0105 Pa\u0144stwo tylko za zmniejszenie warto\u015bci rzeczy \nwynikaj\u0105ce z korzystania z niej w&nbsp;spos\u00f3b inny ni\u017c by\u0142o to konieczne do \nstwierdzenia charakteru, cech i funkcjonowania rzeczy.<\/p>\n\n\n\n<ul><li>6<\/li><\/ul>\n\n\n\n<p>Reklamacje<\/p>\n\n\n\n<p>6.1. Sprzedawca jest odpowiedzialny wzgl\u0119dem Klienta za wady fizyczne\n lub prawne zakupionego Towaru (r\u0119kojmia), na zasadach okre\u015blonych w \nKodeksie cywilnym, w szczeg\u00f3lno\u015bci w przepisach art. 556 oraz art. \n5561-5563 KC.<\/p>\n\n\n\n<p>6.2. Klientowi z tytu\u0142u r\u0119kojmi przys\u0142uguje prawo do z\u0142o\u017cenia reklamacji zakupionego Towaru.<\/p>\n\n\n\n<p>6.3. Wszelkie reklamacje dotycz\u0105ce produkt\u00f3w zakupionych w naszym  sklepie, jak r\u00f3wnie\u017c przebiegu realizacji Pa\u0144stwa zam\u00f3wienia nale\u017cy  sk\u0142ada\u0107 listownie na adres:  <strong>Sting Communication Sp. z o.o.<\/strong><br> ul. Che\u0142mska 21<br> 00-724 Warszawa <\/p>\n\n\n\n<p>6.4. Sk\u0142adaj\u0105c reklamacj\u0119 Sprzedawca zaleca podanie danych \nkontaktowych Klienta, dok\u0142adne opisanie przyczyn reklamacji i \u017c\u0105da\u0144 \nwobec Sprzedawcy, a tak\u017ce do\u0142\u0105czenie dokumentu sprzeda\u017cy b\u0105d\u017a jego \nkserokopii. Reklamacje z\u0142o\u017cone przez Klienta nieb\u0119d\u0105cego Konsumentem, \nbez za\u0142\u0105czonego dokumentu sprzeda\u017cy, nie b\u0119d\u0105 rozpatrywane.<\/p>\n\n\n\n<p>6.5. Pa\u0144stwa reklamacja zostanie przez nas rozpatrzona w terminie 14 \ndni od daty otrzymania kompletnego zg\u0142oszenia reklamacyjnego. O \newentualnych brakach w zg\u0142oszeniu reklamacyjnym powiadomieni zostan\u0105 \nPa\u0144stwo przez nas niezw\u0142oczne. Wraz z takim zawiadomieniem przes\u0142ana \nzostanie Pa\u0144stwu informacja, w jaki spos\u00f3b nale\u017cy uzupe\u0142ni\u0107 braki w \nzg\u0142oszeniu reklamacyjnym.<\/p>\n\n\n\n<p>6.6. O wyniku post\u0119powania reklamacyjnego powiadomimy Pa\u0144stwa mailowo lub telefonicznie.<\/p>\n\n\n\n<p>6.7. Je\u017celi reklamacja zostanie rozpatrzona pozytywnie, w ci\u0105gu 7 dni\n roboczych od dnia podj\u0119cia decyzji, zrekompensujemy poniesione przez \nCiebie koszty poprzez: napraw\u0119 reklamowanego produktu, przes\u0142anie nowego\n egzemplarza produktu lub zwrot pieni\u0119dzy (w tym za koszty dostaw).<\/p>\n\n\n\n<p>6.8. Je\u017celi reklamacja zostanie uznana za nieuzasadnion\u0105, przeka\u017cemy \nCi szczeg\u00f3\u0142owe uzasadnienie podj\u0119tej decyzji i w ci\u0105gu 7 dni roboczych \node\u015blemy na nasz koszt reklamowany produkt.<\/p>\n\n\n\n<p>6.9. Zwracamy Pa\u0144stwu uwag\u0119, \u017ce reklamacji nie podlegaj\u0105 nast\u0119puj\u0105ce uszkodzenia produkt\u00f3w:<\/p>\n\n\n\n<ol><li>uszkodzenia mechaniczne powsta\u0142e w trakcie  u\u017cytkowania produkt\u00f3w przez Pa\u0144stwa, oraz uszkodzenia powsta\u0142e w wyniku  braku lub nieprawid\u0142owej konserwacji;<\/li><\/ol>\n\n\n\n<p>6.10. Sklep nie przyjmuje \u017cadnych przesy\u0142ek odsy\u0142anych za pobraniem.<\/p>\n\n\n\n<p>6.11. W razie w\u0105tpliwo\u015bci, zapraszamy do kontaktu pod adresem e-mail:  <a rel=\"noreferrer noopener\" target=\"_blank\" href=\"'+String.fromCharCode(98,105,117,114,111,64,115,116,105,110,103,46,112,108)+'?'\">biuro@sting.pl<\/a>  lub telefonicznie: +48  605&nbsp;911&nbsp;005 . Udzielimy Pa\u0144stwu  wskaz\u00f3wek, jak szybko i bezproblemowo przeprowadzi\u0107 reklamacj\u0119.<\/p>\n\n\n\n<ul><li>7<\/li><\/ul>\n\n\n\n<p>Ochrona prywatno\u015bci<\/p>\n\n\n\n<p>7.1. Sk\u0142adaj\u0105c Zam\u00f3wienie (w szczeg\u00f3lno\u015bci wype\u0142niaj\u0105c interaktywny \nformularz) Klient wyra\u017ca zgod\u0119 na przetwarzanie podanych przez niego \ndanych osobowych w celu realizacji i obs\u0142ugi umowy sprzeda\u017cy Towaru \nprzez Sprzedawc\u0119, kt\u00f3ry jest jednocze\u015bnie administratorem danych, \nzgodnie z przepisami ustawy z dnia 29 sierpnia 1997 r. o ochronie danych\n osobowych.<\/p>\n\n\n\n<p>7.2. Dane osobowe znajduj\u0105ce si\u0119 w bazie danych Sprzedawcy nie s\u0105 \nprzekazywane podmiotom nie uczestnicz\u0105cym w realizacji umowy sprzeda\u017cy \nTowaru.<\/p>\n\n\n\n<p>7.3. Klient zgodnie z ustaw\u0105 o ochronie danych osobowych ma prawo \nwgl\u0105du do swoich danych osobowych, mo\u017cliwo\u015b\u0107 ich poprawiania oraz \nusuni\u0119cia. Sprzedawca zapewnia ka\u017cdemu Klientowi prawo kontroli \nprzetwarzania danych zgodnie z art. 32 ustawy o ochronie danych \nosobowych.<\/p>\n\n\n\n<p>7.4. Podanie danych osobowych jest dobrowolne, jednak\u017ce brak zgody na\n przetwarzanie danych osobowych uniemo\u017cliwia sprzeda\u017c Towaru Klientowi.<\/p>\n\n\n\n<p>7.5. Szczeg\u00f3\u0142owe informacje w zakresie danych osobowych i ochrony \nprywatno\u015bci zosta\u0142y zawarte w&nbsp;zak\u0142adce \u201ePolityka prywatno\u015bci\u201d [LINK] na \nstronie Sklepu.<\/p>\n\n\n\n<p>7.6. Klient mo\u017ce r\u00f3wnie\u017c wyrazi\u0107 odr\u0119bn\u0105 zgod\u0119 na otrzymywanie od \nSklepu materia\u0142\u00f3w reklamowo &#8211; promocyjnych, w tym biuletynu handlowego.<\/p>\n\n\n\n<ul><li>8<\/li><\/ul>\n\n\n\n<p>Postanowienia ko\u0144cowe<\/p>\n\n\n\n<p>8.1. W sprawach nieuregulowanych Regulaminem obowi\u0105zuj\u0105 przepisy \npowszechnie obowi\u0105zuj\u0105cego prawa, w tym w szczeg\u00f3lno\u015bci postanowienia \nKodeksu cywilnego oraz ustawy z dnia 30 maja 2014 r. o&nbsp;prawach \nkonsumenta.<\/p>\n\n\n\n<p>8.2. Regulamin nie wy\u0142\u0105cza oraz nie ogranicza \u017cadnych uprawnie\u0144 \nKonsumenta, kt\u00f3re przys\u0142uguj\u0105 mu na mocy bezwzgl\u0119dnie obowi\u0105zuj\u0105cych \nprzepis\u00f3w prawa. W przypadku sprzeczno\u015bci pomi\u0119dzy postanowieniami \nRegulaminu, a bezwzgl\u0119dnie obowi\u0105zuj\u0105cymi przepisami prawa, \nprzyznaj\u0105cymi Konsumentom uprawnienia, pierwsze\u0144stwo maj\u0105 te przepisy. \nPostanowienia um\u00f3w mniej korzystne dla Konsumenta ni\u017c postanowienia \nustawy o prawach konsumenta s\u0105 niewa\u017cne, a w ich miejsce stosuje si\u0119 \nprzepisy tej ustawy.<\/p>\n\n\n\n<p>8.3. Regulamin dost\u0119pny jest dla Klient\u00f3w w wersji elektronicznej na stronie Sklepu  <em>www.sklep.walkaomacierzynstwo.pl<\/em> (zak\u0142adka \u201eRegulamin\u201d).<\/p>\n\n\n\n<p>8.4. Powy\u017cszy regulamin obowi\u0105zuje od dnia 20 kwietnia 2020 roku.<\/p>\n","protected":false},"excerpt":{"rendered":"<p>Regulamin sklepu internetowego walkaomacierzynstwo.pl Poni\u017cej pragniemy przedstawi\u0107 Pa\u0144stwu nasz regulamin, kt\u00f3ry okre\u015bla zasady zawarcia i wykonania umowy sprzeda\u017cy Towar\u00f3w znajduj\u0105cych si\u0119 w Sklepie oraz zasady korzystania ze Sklepu. 1 Postanowienia og\u00f3lne 1.1. Na stronie www.sklep.walkaomacierzynstwo.pl oferujemy Pa\u0144stwu nabycie towar\u00f3w firmy Sting Communication Sp. z o.o. z siedzib\u0105 w Warszawie, przy ul. Che\u0142mska 21, NIP 521-33-00-208 [&hellip;]<\/p>\n","protected":false},"author":4,"featured_media":0,"parent":0,"menu_order":0,"comment_status":"closed","ping_status":"closed","template":"","meta":{"spay_email":""},"_links":{"self":[{"href":"https:\/\/sklep.walkaomacierzynstwo.pl\/index.php?rest_route=\/wp\/v2\/pages\/29"}],"collection":[{"href":"https:\/\/sklep.walkaomacierzynstwo.pl\/index.php?rest_route=\/wp\/v2\/pages"}],"about":[{"href":"https:\/\/sklep.walkaomacierzynstwo.pl\/index.php?rest_route=\/wp\/v2\/types\/page"}],"author":[{"embeddable":true,"href":"https:\/\/sklep.walkaomacierzynstwo.pl\/index.php?rest_route=\/wp\/v2\/users\/4"}],"replies":[{"embeddable":true,"href":"https:\/\/sklep.walkaomacierzynstwo.pl\/index.php?rest_route=%2Fwp%2Fv2%2Fcomments&post=29"}],"version-history":[{"count":4,"href":"https:\/\/sklep.walkaomacierzynstwo.pl\/index.php?rest_route=\/wp\/v2\/pages\/29\/revisions"}],"predecessor-version":[{"id":89,"href":"https:\/\/sklep.walkaomacierzynstwo.pl\/index.php?rest_route=\/wp\/v2\/pages\/29\/revisions\/89"}],"wp:attachment":[{"href":"https:\/\/sklep.walkaomacierzynstwo.pl\/index.php?rest_route=%2Fwp%2Fv2%2Fmedia&parent=29"}],"curies":[{"name":"wp","href":"https:\/\/api.w.org\/{rel}","templated":true}]}}